{"id":3661,"date":"2018-09-05T08:09:07","date_gmt":"2018-09-05T08:09:07","guid":{"rendered":"https:\/\/dev.lifeinvestment.be\/?page_id=3661"},"modified":"2018-09-05T08:21:01","modified_gmt":"2018-09-05T08:21:01","slug":"notre-offre","status":"publish","type":"page","link":"https:\/\/lifeinvestment.be\/fr?page_id=3661","title":{"rendered":"Notre offre"},"content":{"rendered":"<div id='av_section_1'  class='avia-section av-1a4inyp-e5eaf7051538d229b402bde53beac909 main_color avia-section-default avia-no-shadow  avia-builder-el-0  el_before_av_section  avia-builder-el-first  avia-bg-style-scroll container_wrap sidebar_right'  ><div class='container av-section-cont-open' ><main  role=\"main\" itemprop=\"mainContentOfPage\"  class='template-page content  av-content-small alpha units'><div class='post-entry post-entry-type-page post-entry-3661'><div class='entry-content-wrapper clearfix'>\n\n<style type=\"text\/css\" data-created_by=\"avia_inline_auto\" id=\"style-css-av-17nccz5-062978e4b5ccb82e5ec25498662f8630\">\n.flex_column.av-17nccz5-062978e4b5ccb82e5ec25498662f8630{\nborder-radius:0px 0px 0px 0px;\npadding:0px 0px 0px 0px;\n}\n<\/style>\n<div  class='flex_column av-17nccz5-062978e4b5ccb82e5ec25498662f8630 av_one_half  avia-builder-el-1  el_before_av_one_half  avia-builder-el-first  first flex_column_div av-zero-column-padding  '     ><div  class='avia-icon-list-container av-16nl2dt-b25a1f8c6c38f274e3df62565e904c0b  avia-builder-el-2  avia-builder-el-no-sibling '><ul class='avia-icon-list avia_animate_when_almost_visible avia-icon-list-left av-iconlist-big av-16nl2dt-b25a1f8c6c38f274e3df62565e904c0b avia-iconlist-animate'>\n<li><div class='iconlist_icon av-av_iconlist_item-483abb47536151a9b132a4078a47856c avia-font-entypo-fontello avia-iconfont avia-font-entypo-fontello'><span class='av-icon-char' data-av_icon='\ue812' data-av_iconfont='entypo-fontello' aria-hidden=\"true\"><\/span><\/div><article class=\"article-icon-entry \"  itemscope=\"itemscope\" itemtype=\"https:\/\/schema.org\/CreativeWork\" ><div class=\"iconlist_content_wrap\"><header class=\"entry-content-header\" aria-label=\"Ic\u00f4ne : Constitution de pension\"><h4 class='av_iconlist_title iconlist_title  '  itemprop=\"headline\" >Constitution de pension<\/h4><\/header><div class='iconlist_content '  itemprop=\"text\" ><div>\n<p>Via \u00e9pargne-pension, assurances vie, PLC ou EVP<\/p>\n<\/div>\n<\/div><\/div><footer class=\"entry-footer\"><\/footer><\/article><div class=\"iconlist-timeline\"><\/div><\/li>\n<li><div class='iconlist_icon av-av_iconlist_item-7fd75015753106818a249b5f3797c369 avia-font-entypo-fontello avia-iconfont avia-font-entypo-fontello'><span class='av-icon-char' data-av_icon='\ue812' data-av_iconfont='entypo-fontello' aria-hidden=\"true\"><\/span><\/div><article class=\"article-icon-entry \"  itemscope=\"itemscope\" itemtype=\"https:\/\/schema.org\/CreativeWork\" ><div class=\"iconlist_content_wrap\"><header class=\"entry-content-header\" aria-label=\"Ic\u00f4ne : Diverses branches assurances\"><h4 class='av_iconlist_title iconlist_title  '  itemprop=\"headline\" >Diverses branches assurances<\/h4><\/header><div class='iconlist_content '  itemprop=\"text\" ><div>\n<p>(Branche 21\/23\/26\/44\/47\/\u2026)<\/p>\n<\/div>\n<\/div><\/div><footer class=\"entry-footer\"><\/footer><\/article><div class=\"iconlist-timeline\"><\/div><\/li>\n<li><div class='iconlist_icon av-av_iconlist_item-310dd0c493adddbd02650dc4c3e91fca avia-font-entypo-fontello avia-iconfont avia-font-entypo-fontello'><span class='av-icon-char' data-av_icon='\ue812' data-av_iconfont='entypo-fontello' aria-hidden=\"true\"><\/span><\/div><article class=\"article-icon-entry \"  itemscope=\"itemscope\" itemtype=\"https:\/\/schema.org\/CreativeWork\" ><div class=\"iconlist_content_wrap\"><header class=\"entry-content-header\" aria-label=\"Ic\u00f4ne : Assurance d\u00e9c\u00e8s et\/ou accident\"><h4 class='av_iconlist_title iconlist_title  '  itemprop=\"headline\" >Assurance d\u00e9c\u00e8s et\/ou accident<\/h4><\/header><div class='iconlist_content '  itemprop=\"text\" ><div>\n<p>Solde restant d\u00fb, assurance voyage, \u2026<\/p>\n<\/div>\n<\/div><\/div><footer class=\"entry-footer\"><\/footer><\/article><div class=\"iconlist-timeline\"><\/div><\/li>\n<\/ul><\/div><\/div>\n<style type=\"text\/css\" data-created_by=\"avia_inline_auto\" id=\"style-css-av-z4x729-7b46824fc32ceb6f0a23278a99f620fd\">\n.flex_column.av-z4x729-7b46824fc32ceb6f0a23278a99f620fd{\nborder-radius:0px 0px 0px 0px;\npadding:0px 0px 0px 0px;\n}\n<\/style>\n<div  class='flex_column av-z4x729-7b46824fc32ceb6f0a23278a99f620fd av_one_half  avia-builder-el-3  el_after_av_one_half  avia-builder-el-last  flex_column_div av-zero-column-padding  '     ><div  class='avia-icon-list-container av-xqff8x-c817e3eb94adbf76091041219a3a52e4  avia-builder-el-4  avia-builder-el-no-sibling '><ul class='avia-icon-list avia_animate_when_almost_visible avia-icon-list-left av-iconlist-big av-xqff8x-c817e3eb94adbf76091041219a3a52e4 avia-iconlist-animate'>\n<li><div class='iconlist_icon av-av_iconlist_item-a61cf839379dffa55898c5cecac8ae7f avia-font-entypo-fontello avia-iconfont avia-font-entypo-fontello'><span class='av-icon-char' data-av_icon='\ue812' data-av_iconfont='entypo-fontello' aria-hidden=\"true\"><\/span><\/div><article class=\"article-icon-entry av-iconlist-empty\"  itemscope=\"itemscope\" itemtype=\"https:\/\/schema.org\/CreativeWork\" ><div class=\"iconlist_content_wrap\"><header class=\"entry-content-header\" aria-label=\"Ic\u00f4ne : Assurance maladie et invalidit\u00e9\"><h4 class='av_iconlist_title iconlist_title  '  itemprop=\"headline\" >Assurance maladie et invalidit\u00e9<\/h4><\/header><div class='iconlist_content '  itemprop=\"text\" ><\/div><\/div><footer class=\"entry-footer\"><\/footer><\/article><div class=\"iconlist-timeline\"><\/div><\/li>\n<li><div class='iconlist_icon av-av_iconlist_item-c58c08c684c924de249c814291f98ff9 avia-font-entypo-fontello avia-iconfont avia-font-entypo-fontello'><span class='av-icon-char' data-av_icon='\ue812' data-av_iconfont='entypo-fontello' aria-hidden=\"true\"><\/span><\/div><article class=\"article-icon-entry av-iconlist-empty\"  itemscope=\"itemscope\" itemtype=\"https:\/\/schema.org\/CreativeWork\" ><div class=\"iconlist_content_wrap\"><header class=\"entry-content-header\" aria-label=\"Ic\u00f4ne : Optimisation de bonus\"><h4 class='av_iconlist_title iconlist_title  '  itemprop=\"headline\" >Optimisation de bonus<\/h4><\/header><div class='iconlist_content '  itemprop=\"text\" ><\/div><\/div><footer class=\"entry-footer\"><\/footer><\/article><div class=\"iconlist-timeline\"><\/div><\/li>\n<li><div class='iconlist_icon av-av_iconlist_item-03edd79da8425c20584bcc5359eca559 avia-font-entypo-fontello avia-iconfont avia-font-entypo-fontello'><span class='av-icon-char' data-av_icon='\ue812' data-av_iconfont='entypo-fontello' aria-hidden=\"true\"><\/span><\/div><article class=\"article-icon-entry av-iconlist-empty\"  itemscope=\"itemscope\" itemtype=\"https:\/\/schema.org\/CreativeWork\" ><div class=\"iconlist_content_wrap\"><header class=\"entry-content-header\" aria-label=\"Ic\u00f4ne : Solutions pour le personnel et les cadres\"><h4 class='av_iconlist_title iconlist_title  '  itemprop=\"headline\" >Solutions pour le personnel et les cadres<\/h4><\/header><div class='iconlist_content '  itemprop=\"text\" ><\/div><\/div><footer class=\"entry-footer\"><\/footer><\/article><div class=\"iconlist-timeline\"><\/div><\/li>\n<\/ul><\/div><\/div>\n\n<\/div><\/div><\/main><!-- close content main element --><\/div><\/div>\n<style type=\"text\/css\" data-created_by=\"avia_inline_auto\" id=\"style-css-av-2r269t-ec9f23427dc18ba6f896cead9cca0ec0\">\n.avia-section.av-2r269t-ec9f23427dc18ba6f896cead9cca0ec0{\nbackground-color:#dbdbdb;\nbackground-image:url(https:\/\/lifeinvestment.be\/wp-content\/uploads\/2018\/08\/Home-Lifeinvestment-1500x938.jpg);\nbackground-repeat:no-repeat;\nbackground-position:50% 50%;\nbackground-attachment:scroll;\n}\n.avia-section.av-2r269t-ec9f23427dc18ba6f896cead9cca0ec0 .av-section-color-overlay{\nopacity:0.5;\nbackground-color:#ffffff;\n}\n<\/style>\n<div id='av_section_2'  class='avia-section av-2r269t-ec9f23427dc18ba6f896cead9cca0ec0 main_color avia-section-default avia-no-shadow  avia-builder-el-5  el_after_av_section  el_before_av_section  avia-full-stretch avia-bg-style-scroll av-section-color-overlay-active container_wrap sidebar_right'  data-section-bg-repeat='stretch'><div class=\"av-section-color-overlay-wrap\"><div class=\"av-section-color-overlay\"><\/div><div class='container av-section-cont-open' ><div class='template-page content  av-content-small alpha units'><div class='post-entry post-entry-type-page post-entry-3661'><div class='entry-content-wrapper clearfix'>\n\n<style type=\"text\/css\" data-created_by=\"avia_inline_auto\" id=\"style-css-av-av_heading-88922587453c33e0d720f4ae3eeeb056\">\n#top .av-special-heading.av-av_heading-88922587453c33e0d720f4ae3eeeb056{\npadding-bottom:10px;\n}\nbody .av-special-heading.av-av_heading-88922587453c33e0d720f4ae3eeeb056 .av-special-heading-tag .heading-char{\nfont-size:25px;\n}\n.av-special-heading.av-av_heading-88922587453c33e0d720f4ae3eeeb056 .av-subheading{\nfont-size:15px;\n}\n<\/style>\n<div  class='av-special-heading av-av_heading-88922587453c33e0d720f4ae3eeeb056 av-special-heading-h3  avia-builder-el-6  el_before_av_contact  avia-builder-el-first '><h3 class='av-special-heading-tag '  itemprop=\"headline\"  >Contactez-nous<\/h3><div class=\"special-heading-border\"><div class=\"special-heading-inner-border\"><\/div><\/div><\/div>\n<form action=\"https:\/\/lifeinvestment.be\/fr?page_id=3661\" method=\"post\" data-fields-with-error=\"Erreurs trouv\u00e9es dans les champs suivants :\" class=\"avia_ajax_form av-form-labels-visible   avia-builder-el-7  el_after_av_heading  avia-builder-el-last  av-custom-form-color av-dark-form \" data-avia-form-id=\"1\" data-avia-redirect='' ><fieldset><p class='  first_form  form_element form_element_half' id='element_avia_1_1'><label for=\"avia_1_1\">Nom <abbr class=\"required\" title=\"requis(e)\">*<\/abbr><\/label> <input name=\"avia_1_1\" class=\"text_input is_empty\" type=\"text\" id=\"avia_1_1\" value=\"\" \/><\/p><p class='  form_element form_element_half' id='element_avia_2_1'><label for=\"avia_2_1\">E-Mail <abbr class=\"required\" title=\"requis(e)\">*<\/abbr><\/label> <input name=\"avia_2_1\" class=\"text_input is_email\" type=\"text\" id=\"avia_2_1\" value=\"\" \/><\/p><p class='  first_form  form_element form_element_half av-last-visible-form-element' id='element_avia_3_1'><label for=\"avia_3_1\">Je suis int\u00e9ress\u00e9(e) par <abbr class=\"required\" title=\"requis(e)\">*<\/abbr><\/label><select  name=\"avia_3_1\" class=\"select is_empty\" id=\"avia_3_1\"><option   value='Constitution de pension'>Constitution de pension<\/option><option   value='Assurance d\u00e9c\u00e8s et\/ou accident'>Assurance d\u00e9c\u00e8s et\/ou accident<\/option><option   value='Assurance maladie et invalidit\u00e9'>Assurance maladie et invalidit\u00e9<\/option><option   value='Optimisation de bonus'>Optimisation de bonus<\/option><option   value='Solutions pour le personnel et les cadres'>Solutions pour le personnel et les cadres<\/option><option   value='Assurance succession'>Assurance succession<\/option><option   value='Assurance chiffre d\u2019affaires et frais fixes'>Assurance chiffre d\u2019affaires et frais fixes<\/option><option   value='Employee Benefits (Assurance de groupe)'>Employee Benefits (Assurance de groupe)<\/option><option   value='Assurance hospitalisation'>Assurance hospitalisation<\/option><option   value='Police soins de sant\u00e9'>Police soins de sant\u00e9<\/option><\/select><\/p><p class=\"hidden\"><input type=\"text\" name=\"avia_4_1\" class=\"hidden \" id=\"avia_4_1\" value=\"\" \/><\/p><p class=\"form_element form_element_half modified_width\"><input type=\"hidden\" value=\"1\" name=\"avia_generated_form1\" \/><input type=\"submit\" value=\"Envoyer\" class=\"button\"  data-sending-label=\"Envoi\"\/><\/p><\/fieldset><\/form><div id=\"ajaxresponse_1\" class=\"ajaxresponse ajaxresponse_1 hidden\"><\/div>\n<\/div><\/div><\/div><!-- close content main div --><\/div><\/div><\/div><div id='av_section_3'  class='avia-section av-gymo3l-59392152624309d9aa066c08726c00d2 main_color avia-section-default avia-no-shadow  avia-builder-el-8  el_after_av_section  avia-builder-el-last  avia-bg-style-scroll container_wrap sidebar_right'  ><div class='container av-section-cont-open' ><div class='template-page content  av-content-small alpha units'><div class='post-entry post-entry-type-page post-entry-3661'><div class='entry-content-wrapper clearfix'>\n\n<style type=\"text\/css\" data-created_by=\"avia_inline_auto\" id=\"style-css-av-fu39ip-6171638a257ebdb03c0feb2b91d8231b\">\n.flex_column.av-fu39ip-6171638a257ebdb03c0feb2b91d8231b{\nborder-radius:0px 0px 0px 0px;\npadding:0px 0px 0px 0px;\n}\n<\/style>\n<div  class='flex_column av-fu39ip-6171638a257ebdb03c0feb2b91d8231b av_one_half  avia-builder-el-9  el_before_av_one_half  avia-builder-el-first  first flex_column_div av-zero-column-padding  '     ><div  class='avia-icon-list-container av-evfme9-8cf450b263065f0d69a3e15219e17bba  avia-builder-el-10  avia-builder-el-no-sibling '><ul class='avia-icon-list avia_animate_when_almost_visible avia-icon-list-left av-iconlist-big av-evfme9-8cf450b263065f0d69a3e15219e17bba avia-iconlist-animate'>\n<li><div class='iconlist_icon av-av_iconlist_item-6df085ce71ed4a1d74827ab70c83a192 avia-font-entypo-fontello avia-iconfont avia-font-entypo-fontello'><span class='av-icon-char' data-av_icon='\ue812' data-av_iconfont='entypo-fontello' aria-hidden=\"true\"><\/span><\/div><article class=\"article-icon-entry \"  itemscope=\"itemscope\" itemtype=\"https:\/\/schema.org\/CreativeWork\" ><div class=\"iconlist_content_wrap\"><header class=\"entry-content-header\" aria-label=\"Ic\u00f4ne : Assurance succession\"><h4 class='av_iconlist_title iconlist_title  '  itemprop=\"headline\" >Assurance succession<\/h4><\/header><div class='iconlist_content '  itemprop=\"text\" ><div>\n<p>Couverture des droits de succession apr\u00e8s un d\u00e9c\u00e8s<\/p>\n<\/div>\n<\/div><\/div><footer class=\"entry-footer\"><\/footer><\/article><div class=\"iconlist-timeline\"><\/div><\/li>\n<li><div class='iconlist_icon av-av_iconlist_item-ef7006c83581520e1e4f0a59ada32a6d avia-font-entypo-fontello avia-iconfont avia-font-entypo-fontello'><span class='av-icon-char' data-av_icon='\ue812' data-av_iconfont='entypo-fontello' aria-hidden=\"true\"><\/span><\/div><article class=\"article-icon-entry \"  itemscope=\"itemscope\" itemtype=\"https:\/\/schema.org\/CreativeWork\" ><div class=\"iconlist_content_wrap\"><header class=\"entry-content-header\" aria-label=\"Ic\u00f4ne : Assurance chiffre d\u2019affaires et frais fixes\"><h4 class='av_iconlist_title iconlist_title  '  itemprop=\"headline\" >Assurance chiffre d\u2019affaires et frais fixes<\/h4><\/header><div class='iconlist_content '  itemprop=\"text\" ><div>\n<p>Crucial pour l\u2019ind\u00e9pendant<\/p>\n<\/div>\n<\/div><\/div><footer class=\"entry-footer\"><\/footer><\/article><div class=\"iconlist-timeline\"><\/div><\/li>\n<li><div class='iconlist_icon av-av_iconlist_item-21d7a179367e04defef4c07aa1766c07 avia-font-entypo-fontello avia-iconfont avia-font-entypo-fontello'><span class='av-icon-char' data-av_icon='\ue812' data-av_iconfont='entypo-fontello' aria-hidden=\"true\"><\/span><\/div><article class=\"article-icon-entry \"  itemscope=\"itemscope\" itemtype=\"https:\/\/schema.org\/CreativeWork\" ><div class=\"iconlist_content_wrap\"><header class=\"entry-content-header\" aria-label=\"Ic\u00f4ne : Employee Benefits\"><h4 class='av_iconlist_title iconlist_title  '  itemprop=\"headline\" >Employee Benefits<\/h4><\/header><div class='iconlist_content '  itemprop=\"text\" ><div>\n<p>Assurance de groupe<\/p>\n<\/div>\n<\/div><\/div><footer class=\"entry-footer\"><\/footer><\/article><div class=\"iconlist-timeline\"><\/div><\/li>\n<\/ul><\/div><\/div>\n<style type=\"text\/css\" data-created_by=\"avia_inline_auto\" id=\"style-css-av-6y1hkh-1ea6d7850176ce0d06d4e7e1b4d2ac47\">\n.flex_column.av-6y1hkh-1ea6d7850176ce0d06d4e7e1b4d2ac47{\nborder-radius:0px 0px 0px 0px;\npadding:0px 0px 0px 0px;\n}\n<\/style>\n<div  class='flex_column av-6y1hkh-1ea6d7850176ce0d06d4e7e1b4d2ac47 av_one_half  avia-builder-el-11  el_after_av_one_half  avia-builder-el-last  flex_column_div av-zero-column-padding  '     ><div  class='avia-icon-list-container av-5zq9z5-5b709280ecb555cd1cf1be4f61e7c8da  avia-builder-el-12  avia-builder-el-no-sibling '><ul class='avia-icon-list avia_animate_when_almost_visible avia-icon-list-left av-iconlist-big av-5zq9z5-5b709280ecb555cd1cf1be4f61e7c8da avia-iconlist-animate'>\n<li><div class='iconlist_icon av-av_iconlist_item-9e26353ead83b6e16730f4e219342ebb avia-font-entypo-fontello avia-iconfont avia-font-entypo-fontello'><span class='av-icon-char' data-av_icon='\ue812' data-av_iconfont='entypo-fontello' aria-hidden=\"true\"><\/span><\/div><article class=\"article-icon-entry av-iconlist-empty\"  itemscope=\"itemscope\" itemtype=\"https:\/\/schema.org\/CreativeWork\" ><div class=\"iconlist_content_wrap\"><header class=\"entry-content-header\" aria-label=\"Ic\u00f4ne : Assurance hospitalisation\"><h4 class='av_iconlist_title iconlist_title  '  itemprop=\"headline\" >Assurance hospitalisation<\/h4><\/header><div class='iconlist_content '  itemprop=\"text\" ><\/div><\/div><footer class=\"entry-footer\"><\/footer><\/article><div class=\"iconlist-timeline\"><\/div><\/li>\n<li><div class='iconlist_icon av-av_iconlist_item-539a0c6e292a6dee74759f0d297e422a avia-font-entypo-fontello avia-iconfont avia-font-entypo-fontello'><span class='av-icon-char' data-av_icon='\ue812' data-av_iconfont='entypo-fontello' aria-hidden=\"true\"><\/span><\/div><article class=\"article-icon-entry av-iconlist-empty\"  itemscope=\"itemscope\" itemtype=\"https:\/\/schema.org\/CreativeWork\" ><div class=\"iconlist_content_wrap\"><header class=\"entry-content-header\" aria-label=\"Ic\u00f4ne : Police soins de sant\u00e9\"><h4 class='av_iconlist_title iconlist_title  '  itemprop=\"headline\" >Police soins de sant\u00e9<\/h4><\/header><div class='iconlist_content '  itemprop=\"text\" ><\/div><\/div><footer class=\"entry-footer\"><\/footer><\/article><div class=\"iconlist-timeline\"><\/div><\/li>\n<\/ul><\/div><\/div>\n<\/div><\/div><\/div><!-- close content main div --><\/div><\/div><div id='after_section_3'  class='main_color av_default_container_wrap container_wrap sidebar_right'  ><div class='container av-section-cont-open' ><div class='template-page content  av-content-small alpha units'><div class='post-entry post-entry-type-page post-entry-3661'><div class='entry-content-wrapper clearfix'><\/p>\n","protected":false},"excerpt":{"rendered":"","protected":false},"author":1,"featured_media":0,"parent":0,"menu_order":0,"comment_status":"closed","ping_status":"closed","template":"","meta":{"footnotes":""},"class_list":["post-3661","page","type-page","status-publish","hentry"],"_links":{"self":[{"href":"https:\/\/lifeinvestment.be\/fr\/index.php?rest_route=\/wp\/v2\/pages\/3661","targetHints":{"allow":["GET"]}}],"collection":[{"href":"https:\/\/lifeinvestment.be\/fr\/index.php?rest_route=\/wp\/v2\/pages"}],"about":[{"href":"https:\/\/lifeinvestment.be\/fr\/index.php?rest_route=\/wp\/v2\/types\/page"}],"author":[{"embeddable":true,"href":"https:\/\/lifeinvestment.be\/fr\/index.php?rest_route=\/wp\/v2\/users\/1"}],"replies":[{"embeddable":true,"href":"https:\/\/lifeinvestment.be\/fr\/index.php?rest_route=%2Fwp%2Fv2%2Fcomments&post=3661"}],"version-history":[{"count":3,"href":"https:\/\/lifeinvestment.be\/fr\/index.php?rest_route=\/wp\/v2\/pages\/3661\/revisions"}],"predecessor-version":[{"id":3669,"href":"https:\/\/lifeinvestment.be\/fr\/index.php?rest_route=\/wp\/v2\/pages\/3661\/revisions\/3669"}],"wp:attachment":[{"href":"https:\/\/lifeinvestment.be\/fr\/index.php?rest_route=%2Fwp%2Fv2%2Fmedia&parent=3661"}],"curies":[{"name":"wp","href":"https:\/\/api.w.org\/{rel}","templated":true}]}}